{"id":98,"date":"2022-03-25T22:14:27","date_gmt":"2022-03-25T21:14:27","guid":{"rendered":"http:\/\/jrzptry.cluster028.hosting.ovh.net\/?page_id=98"},"modified":"2022-09-09T15:08:10","modified_gmt":"2022-09-09T13:08:10","slug":"montenegro-swierklany-4","status":"publish","type":"page","link":"http:\/\/montenegro.com.pl\/?page_id=98","title":{"rendered":"Kontakt"},"content":{"rendered":"\t\t<div data-elementor-type=\"wp-page\" data-elementor-id=\"98\" class=\"elementor elementor-98\" data-elementor-post-type=\"page\">\n\t\t\t\t\t\t<section class=\"elementor-section elementor-top-section elementor-element elementor-element-7e396f16 elementor-section-content-middle elementor-section-boxed elementor-section-height-default elementor-section-height-default\" data-id=\"7e396f16\" data-element_type=\"section\">\n\t\t\t\t\t\t<div class=\"elementor-container elementor-column-gap-no\">\n\t\t\t\t\t<div class=\"elementor-column elementor-col-50 elementor-top-column elementor-element elementor-element-5dcb14b2\" data-id=\"5dcb14b2\" data-element_type=\"column\">\n\t\t\t<div class=\"elementor-widget-wrap elementor-element-populated\">\n\t\t\t\t\t\t<div class=\"elementor-element elementor-element-95dd09a elementor-widget elementor-widget-heading\" data-id=\"95dd09a\" data-element_type=\"widget\" data-widget_type=\"heading.default\">\n\t\t\t\t<div class=\"elementor-widget-container\">\n\t\t\t\t\t<h2 class=\"elementor-heading-title elementor-size-default\">Skontaktuj si\u0119 z nami<\/h2>\t\t\t\t<\/div>\n\t\t\t\t<\/div>\n\t\t\t\t<div class=\"elementor-element elementor-element-6a20252b elementor-button-align-stretch elementor-widget elementor-widget-form\" data-id=\"6a20252b\" data-element_type=\"widget\" data-settings=\"{&quot;step_next_label&quot;:&quot;Nast\\u0119pny&quot;,&quot;step_previous_label&quot;:&quot;Poprzedni&quot;,&quot;button_width&quot;:&quot;100&quot;,&quot;step_type&quot;:&quot;number_text&quot;,&quot;step_icon_shape&quot;:&quot;circle&quot;}\" data-widget_type=\"form.default\">\n\t\t\t\t<div class=\"elementor-widget-container\">\n\t\t\t\t\t\t\t<form class=\"elementor-form\" method=\"post\" name=\"New Form\" aria-label=\"New Form\">\n\t\t\t<input type=\"hidden\" name=\"post_id\" value=\"98\"\/>\n\t\t\t<input type=\"hidden\" name=\"form_id\" value=\"6a20252b\"\/>\n\t\t\t<input type=\"hidden\" name=\"referer_title\" value=\"Kontakt - Montenegro Dom Przyj\u0119\u0107\" \/>\n\n\t\t\t\t\t\t\t<input type=\"hidden\" name=\"queried_id\" value=\"98\"\/>\n\t\t\t\n\t\t\t<div class=\"elementor-form-fields-wrapper elementor-labels-\">\n\t\t\t\t\t\t\t\t<div class=\"elementor-field-type-text elementor-field-group elementor-column elementor-field-group-name elementor-col-100\">\n\t\t\t\t\t\t\t\t\t\t\t\t<label for=\"form-field-name\" class=\"elementor-field-label elementor-screen-only\">\n\t\t\t\t\t\t\t\tImi\u0119 i nazwisko\t\t\t\t\t\t\t<\/label>\n\t\t\t\t\t\t\t\t\t\t\t\t\t\t<input size=\"1\" type=\"text\" name=\"form_fields[name]\" id=\"form-field-name\" class=\"elementor-field elementor-size-md  elementor-field-textual\" placeholder=\"Jan Kowalski\">\n\t\t\t\t\t\t\t\t\t\t\t<\/div>\n\t\t\t\t\t\t\t\t<div class=\"elementor-field-type-email elementor-field-group elementor-column elementor-field-group-email elementor-col-100 elementor-field-required\">\n\t\t\t\t\t\t\t\t\t\t\t\t<label for=\"form-field-email\" class=\"elementor-field-label elementor-screen-only\">\n\t\t\t\t\t\t\t\tEmail\t\t\t\t\t\t\t<\/label>\n\t\t\t\t\t\t\t\t\t\t\t\t\t\t<input size=\"1\" type=\"email\" name=\"form_fields[email]\" id=\"form-field-email\" class=\"elementor-field elementor-size-md  elementor-field-textual\" placeholder=\"kontakt@kontakt.pl\" required=\"required\">\n\t\t\t\t\t\t\t\t\t\t\t<\/div>\n\t\t\t\t\t\t\t\t<div class=\"elementor-field-type-textarea elementor-field-group elementor-column elementor-field-group-message elementor-col-100\">\n\t\t\t\t\t\t\t\t\t\t\t\t<label for=\"form-field-message\" class=\"elementor-field-label elementor-screen-only\">\n\t\t\t\t\t\t\t\tWiadomo\u015b\u0107\t\t\t\t\t\t\t<\/label>\n\t\t\t\t\t\t<textarea class=\"elementor-field-textual elementor-field  elementor-size-md\" name=\"form_fields[message]\" id=\"form-field-message\" rows=\"4\" placeholder=\"Tutaj napisz swoj\u0105 wiadomo\u015b\u0107\"><\/textarea>\t\t\t\t<\/div>\n\t\t\t\t\t\t\t\t<div class=\"elementor-field-group elementor-column elementor-field-type-submit elementor-col-100 e-form__buttons\">\n\t\t\t\t\t<button class=\"elementor-button elementor-size-md\" type=\"submit\">\n\t\t\t\t\t\t<span class=\"elementor-button-content-wrapper\">\n\t\t\t\t\t\t\t\t\t\t\t\t\t\t\t\t\t\t\t\t\t\t<span class=\"elementor-button-text\">Wy\u015blij<\/span>\n\t\t\t\t\t\t\t\t\t\t\t\t\t<\/span>\n\t\t\t\t\t<\/button>\n\t\t\t\t<\/div>\n\t\t\t<\/div>\n\t\t<\/form>\n\t\t\t\t\t\t<\/div>\n\t\t\t\t<\/div>\n\t\t\t\t\t<\/div>\n\t\t<\/div>\n\t\t\t\t<div class=\"elementor-column elementor-col-50 elementor-top-column elementor-element elementor-element-114407ba\" data-id=\"114407ba\" data-element_type=\"column\" data-settings=\"{&quot;background_background&quot;:&quot;classic&quot;}\">\n\t\t\t<div class=\"elementor-widget-wrap elementor-element-populated\">\n\t\t\t\t\t\t<div class=\"elementor-element elementor-element-39631c11 elementor-widget elementor-widget-google_maps\" data-id=\"39631c11\" data-element_type=\"widget\" data-widget_type=\"google_maps.default\">\n\t\t\t\t<div class=\"elementor-widget-container\">\n\t\t\t\t\t\t\t<div class=\"elementor-custom-embed\">\n\t\t\t<iframe loading=\"lazy\"\n\t\t\t\t\tsrc=\"https:\/\/maps.google.com\/maps?q=Dom%20Przyj%C4%99%C4%87%20Montenegro%2C%20%C5%9Awierklany&#038;t=m&#038;z=16&#038;output=embed&#038;iwloc=near\"\n\t\t\t\t\ttitle=\"Dom Przyj\u0119\u0107 Montenegro, \u015awierklany\"\n\t\t\t\t\taria-label=\"Dom Przyj\u0119\u0107 Montenegro, \u015awierklany\"\n\t\t\t><\/iframe>\n\t\t<\/div>\n\t\t\t\t\t\t<\/div>\n\t\t\t\t<\/div>\n\t\t\t\t<div class=\"elementor-element elementor-element-522e2fa7 elementor-position-left elementor-view-default elementor-mobile-position-top elementor-widget elementor-widget-icon-box\" data-id=\"522e2fa7\" data-element_type=\"widget\" data-widget_type=\"icon-box.default\">\n\t\t\t\t<div class=\"elementor-widget-container\">\n\t\t\t\t\t\t\t<div class=\"elementor-icon-box-wrapper\">\n\n\t\t\t\t\t\t<div class=\"elementor-icon-box-icon\">\n\t\t\t\t<span  class=\"elementor-icon\">\n\t\t\t\t<i aria-hidden=\"true\" class=\"fas fa-location-arrow\"><\/i>\t\t\t\t<\/span>\n\t\t\t<\/div>\n\t\t\t\n\t\t\t\t\t\t<div class=\"elementor-icon-box-content\">\n\n\t\t\t\t\t\t\t\t\t<h3 class=\"elementor-icon-box-title\">\n\t\t\t\t\t\t<span  >\n\t\t\t\t\t\t\tul. Wodzis\u0142awska 5, 44-266 \u015awierklany\t\t\t\t\t\t<\/span>\n\t\t\t\t\t<\/h3>\n\t\t\t\t\n\t\t\t\t\n\t\t\t<\/div>\n\t\t\t\n\t\t<\/div>\n\t\t\t\t\t\t<\/div>\n\t\t\t\t<\/div>\n\t\t\t\t<div class=\"elementor-element elementor-element-325c3f1c elementor-position-left elementor-view-default elementor-mobile-position-top elementor-widget elementor-widget-icon-box\" data-id=\"325c3f1c\" data-element_type=\"widget\" data-widget_type=\"icon-box.default\">\n\t\t\t\t<div class=\"elementor-widget-container\">\n\t\t\t\t\t\t\t<div class=\"elementor-icon-box-wrapper\">\n\n\t\t\t\t\t\t<div class=\"elementor-icon-box-icon\">\n\t\t\t\t<span  class=\"elementor-icon\">\n\t\t\t\t<i aria-hidden=\"true\" class=\"fas fa-phone-alt\"><\/i>\t\t\t\t<\/span>\n\t\t\t<\/div>\n\t\t\t\n\t\t\t\t\t\t<div class=\"elementor-icon-box-content\">\n\n\t\t\t\t\t\t\t\t\t<h3 class=\"elementor-icon-box-title\">\n\t\t\t\t\t\t<span  >\n\t\t\t\t\t\t\t+48 696-991-000 \t\t\t\t\t\t<\/span>\n\t\t\t\t\t<\/h3>\n\t\t\t\t\n\t\t\t\t\t\t\t\t\t<p class=\"elementor-icon-box-description\">\n\t\t\t\t\t\te-mail: montenegro.swierklany@gmail.com\t\t\t\t\t<\/p>\n\t\t\t\t\n\t\t\t<\/div>\n\t\t\t\n\t\t<\/div>\n\t\t\t\t\t\t<\/div>\n\t\t\t\t<\/div>\n\t\t\t\t\t<\/div>\n\t\t<\/div>\n\t\t\t\t\t<\/div>\n\t\t<\/section>\n\t\t\t\t<\/div>\n\t\t","protected":false},"excerpt":{"rendered":"<p>Skontaktuj si\u0119 z nami ul. Wodzis\u0142awska 5, 44-266 \u015awierklany +48 696-991-000 e-mail: montenegro.swierklany@gmail.com<\/p>\n","protected":false},"author":1,"featured_media":0,"parent":0,"menu_order":0,"comment_status":"closed","ping_status":"closed","template":"","meta":{"footnotes":""},"class_list":["post-98","page","type-page","status-publish","hentry"],"yoast_head":"<!-- This site is optimized with the Yoast SEO plugin v26.6 - https:\/\/yoast.com\/wordpress\/plugins\/seo\/ -->\n<title>Kontakt - Montenegro Dom Przyj\u0119\u0107<\/title>\n<meta name=\"description\" content=\"Je\u015bli marzysz o przyj\u0119ciu jak z bajki, my wychodzimy Ci na przeciw. Zapewniamy profesjonaln\u0105 obs\u0142ug\u0119, pyszne jedzenie i nowoczesne wn\u0119trza.\" \/>\n<meta name=\"robots\" content=\"index, follow, max-snippet:-1, max-image-preview:large, max-video-preview:-1\" \/>\n<link rel=\"canonical\" href=\"https:\/\/montenegro.com.pl\/?page_id=98\" \/>\n<meta property=\"og:locale\" content=\"pl_PL\" \/>\n<meta property=\"og:type\" content=\"article\" \/>\n<meta property=\"og:title\" content=\"Kontakt - Montenegro Dom Przyj\u0119\u0107\" \/>\n<meta property=\"og:description\" content=\"Je\u015bli marzysz o przyj\u0119ciu jak z bajki, my wychodzimy Ci na przeciw. Zapewniamy profesjonaln\u0105 obs\u0142ug\u0119, pyszne jedzenie i nowoczesne wn\u0119trza.\" \/>\n<meta property=\"og:url\" content=\"https:\/\/montenegro.com.pl\/?page_id=98\" \/>\n<meta property=\"og:site_name\" content=\"Montenegro Dom Przyj\u0119\u0107\" \/>\n<meta property=\"article:publisher\" content=\"https:\/\/t.ly\/nS4Z\" \/>\n<meta property=\"article:modified_time\" content=\"2022-09-09T13:08:10+00:00\" \/>\n<meta name=\"twitter:card\" content=\"summary_large_image\" \/>\n<meta name=\"twitter:label1\" content=\"Szacowany czas czytania\" \/>\n\t<meta name=\"twitter:data1\" content=\"1 minuta\" \/>\n<script type=\"application\/ld+json\" class=\"yoast-schema-graph\">{\"@context\":\"https:\/\/schema.org\",\"@graph\":[{\"@type\":\"WebPage\",\"@id\":\"https:\/\/montenegro.com.pl\/?page_id=98\",\"url\":\"https:\/\/montenegro.com.pl\/?page_id=98\",\"name\":\"Kontakt - Montenegro Dom Przyj\u0119\u0107\",\"isPartOf\":{\"@id\":\"https:\/\/montenegro.com.pl\/#website\"},\"datePublished\":\"2022-03-25T21:14:27+00:00\",\"dateModified\":\"2022-09-09T13:08:10+00:00\",\"description\":\"Je\u015bli marzysz o przyj\u0119ciu jak z bajki, my wychodzimy Ci na przeciw. Zapewniamy profesjonaln\u0105 obs\u0142ug\u0119, pyszne jedzenie i nowoczesne wn\u0119trza.\",\"breadcrumb\":{\"@id\":\"https:\/\/montenegro.com.pl\/?page_id=98#breadcrumb\"},\"inLanguage\":\"pl-PL\",\"potentialAction\":[{\"@type\":\"ReadAction\",\"target\":[\"https:\/\/montenegro.com.pl\/?page_id=98\"]}]},{\"@type\":\"BreadcrumbList\",\"@id\":\"https:\/\/montenegro.com.pl\/?page_id=98#breadcrumb\",\"itemListElement\":[{\"@type\":\"ListItem\",\"position\":1,\"name\":\"Strona g\u0142\u00f3wna\",\"item\":\"https:\/\/montenegro.com.pl\/\"},{\"@type\":\"ListItem\",\"position\":2,\"name\":\"Kontakt\"}]},{\"@type\":\"WebSite\",\"@id\":\"https:\/\/montenegro.com.pl\/#website\",\"url\":\"https:\/\/montenegro.com.pl\/\",\"name\":\"Montenegro Dom Przyj\u0119\u0107\",\"description\":\"Twoje wymarzone przyj\u0119cie weselne\",\"publisher\":{\"@id\":\"https:\/\/montenegro.com.pl\/#organization\"},\"potentialAction\":[{\"@type\":\"SearchAction\",\"target\":{\"@type\":\"EntryPoint\",\"urlTemplate\":\"https:\/\/montenegro.com.pl\/?s={search_term_string}\"},\"query-input\":{\"@type\":\"PropertyValueSpecification\",\"valueRequired\":true,\"valueName\":\"search_term_string\"}}],\"inLanguage\":\"pl-PL\"},{\"@type\":\"Organization\",\"@id\":\"https:\/\/montenegro.com.pl\/#organization\",\"name\":\"Montenegro Dom Przyj\u0119\u0107\",\"url\":\"https:\/\/montenegro.com.pl\/\",\"logo\":{\"@type\":\"ImageObject\",\"inLanguage\":\"pl-PL\",\"@id\":\"https:\/\/montenegro.com.pl\/#\/schema\/logo\/image\/\",\"url\":\"http:\/\/jrzptry.cluster028.hosting.ovh.net\/wp-content\/uploads\/2022\/03\/cropped-logo_RGB_2.png\",\"contentUrl\":\"http:\/\/jrzptry.cluster028.hosting.ovh.net\/wp-content\/uploads\/2022\/03\/cropped-logo_RGB_2.png\",\"width\":512,\"height\":512,\"caption\":\"Montenegro Dom Przyj\u0119\u0107\"},\"image\":{\"@id\":\"https:\/\/montenegro.com.pl\/#\/schema\/logo\/image\/\"},\"sameAs\":[\"https:\/\/t.ly\/nS4Z\",\"https:\/\/www.instagram.com\/montenegro_swierklany\/\"]}]}<\/script>\n<!-- \/ Yoast SEO plugin. -->","yoast_head_json":{"title":"Kontakt - Montenegro Dom Przyj\u0119\u0107","description":"Je\u015bli marzysz o przyj\u0119ciu jak z bajki, my wychodzimy Ci na przeciw. Zapewniamy profesjonaln\u0105 obs\u0142ug\u0119, pyszne jedzenie i nowoczesne wn\u0119trza.","robots":{"index":"index","follow":"follow","max-snippet":"max-snippet:-1","max-image-preview":"max-image-preview:large","max-video-preview":"max-video-preview:-1"},"canonical":"https:\/\/montenegro.com.pl\/?page_id=98","og_locale":"pl_PL","og_type":"article","og_title":"Kontakt - Montenegro Dom Przyj\u0119\u0107","og_description":"Je\u015bli marzysz o przyj\u0119ciu jak z bajki, my wychodzimy Ci na przeciw. Zapewniamy profesjonaln\u0105 obs\u0142ug\u0119, pyszne jedzenie i nowoczesne wn\u0119trza.","og_url":"https:\/\/montenegro.com.pl\/?page_id=98","og_site_name":"Montenegro Dom Przyj\u0119\u0107","article_publisher":"https:\/\/t.ly\/nS4Z","article_modified_time":"2022-09-09T13:08:10+00:00","twitter_card":"summary_large_image","twitter_misc":{"Szacowany czas czytania":"1 minuta"},"schema":{"@context":"https:\/\/schema.org","@graph":[{"@type":"WebPage","@id":"https:\/\/montenegro.com.pl\/?page_id=98","url":"https:\/\/montenegro.com.pl\/?page_id=98","name":"Kontakt - Montenegro Dom Przyj\u0119\u0107","isPartOf":{"@id":"https:\/\/montenegro.com.pl\/#website"},"datePublished":"2022-03-25T21:14:27+00:00","dateModified":"2022-09-09T13:08:10+00:00","description":"Je\u015bli marzysz o przyj\u0119ciu jak z bajki, my wychodzimy Ci na przeciw. Zapewniamy profesjonaln\u0105 obs\u0142ug\u0119, pyszne jedzenie i nowoczesne wn\u0119trza.","breadcrumb":{"@id":"https:\/\/montenegro.com.pl\/?page_id=98#breadcrumb"},"inLanguage":"pl-PL","potentialAction":[{"@type":"ReadAction","target":["https:\/\/montenegro.com.pl\/?page_id=98"]}]},{"@type":"BreadcrumbList","@id":"https:\/\/montenegro.com.pl\/?page_id=98#breadcrumb","itemListElement":[{"@type":"ListItem","position":1,"name":"Strona g\u0142\u00f3wna","item":"https:\/\/montenegro.com.pl\/"},{"@type":"ListItem","position":2,"name":"Kontakt"}]},{"@type":"WebSite","@id":"https:\/\/montenegro.com.pl\/#website","url":"https:\/\/montenegro.com.pl\/","name":"Montenegro Dom Przyj\u0119\u0107","description":"Twoje wymarzone przyj\u0119cie weselne","publisher":{"@id":"https:\/\/montenegro.com.pl\/#organization"},"potentialAction":[{"@type":"SearchAction","target":{"@type":"EntryPoint","urlTemplate":"https:\/\/montenegro.com.pl\/?s={search_term_string}"},"query-input":{"@type":"PropertyValueSpecification","valueRequired":true,"valueName":"search_term_string"}}],"inLanguage":"pl-PL"},{"@type":"Organization","@id":"https:\/\/montenegro.com.pl\/#organization","name":"Montenegro Dom Przyj\u0119\u0107","url":"https:\/\/montenegro.com.pl\/","logo":{"@type":"ImageObject","inLanguage":"pl-PL","@id":"https:\/\/montenegro.com.pl\/#\/schema\/logo\/image\/","url":"http:\/\/jrzptry.cluster028.hosting.ovh.net\/wp-content\/uploads\/2022\/03\/cropped-logo_RGB_2.png","contentUrl":"http:\/\/jrzptry.cluster028.hosting.ovh.net\/wp-content\/uploads\/2022\/03\/cropped-logo_RGB_2.png","width":512,"height":512,"caption":"Montenegro Dom Przyj\u0119\u0107"},"image":{"@id":"https:\/\/montenegro.com.pl\/#\/schema\/logo\/image\/"},"sameAs":["https:\/\/t.ly\/nS4Z","https:\/\/www.instagram.com\/montenegro_swierklany\/"]}]}},"_links":{"self":[{"href":"http:\/\/montenegro.com.pl\/index.php?rest_route=\/wp\/v2\/pages\/98","targetHints":{"allow":["GET"]}}],"collection":[{"href":"http:\/\/montenegro.com.pl\/index.php?rest_route=\/wp\/v2\/pages"}],"about":[{"href":"http:\/\/montenegro.com.pl\/index.php?rest_route=\/wp\/v2\/types\/page"}],"author":[{"embeddable":true,"href":"http:\/\/montenegro.com.pl\/index.php?rest_route=\/wp\/v2\/users\/1"}],"replies":[{"embeddable":true,"href":"http:\/\/montenegro.com.pl\/index.php?rest_route=%2Fwp%2Fv2%2Fcomments&post=98"}],"version-history":[{"count":23,"href":"http:\/\/montenegro.com.pl\/index.php?rest_route=\/wp\/v2\/pages\/98\/revisions"}],"predecessor-version":[{"id":627,"href":"http:\/\/montenegro.com.pl\/index.php?rest_route=\/wp\/v2\/pages\/98\/revisions\/627"}],"wp:attachment":[{"href":"http:\/\/montenegro.com.pl\/index.php?rest_route=%2Fwp%2Fv2%2Fmedia&parent=98"}],"curies":[{"name":"wp","href":"https:\/\/api.w.org\/{rel}","templated":true}]}}